{"id":1649,"date":"2024-12-09T20:47:34","date_gmt":"2024-12-09T20:47:34","guid":{"rendered":"https:\/\/anblue77.id.vn\/?page_id=1649"},"modified":"2024-12-09T20:47:35","modified_gmt":"2024-12-09T20:47:35","slug":"lien-he","status":"publish","type":"page","link":"http:\/\/anblue77.id.vn\/index.php\/lien-he\/","title":{"rendered":"Li\u00ean H\u1ec7"},"content":{"rendered":"\n\n\n<p>Qu\u00fd Kh\u00e1ch Vui L\u00f2ng \u0110i\u1ec1n Th\u00f4ng Tin Li\u00ean H\u1ec7 Ph\u00eda D\u01b0\u1edbi<\/p>\n\n\n[contact-form-7 id=&#8221;2f9fca6&#8243; title=&#8221;Form li\u00ean h\u1ec7&#8221;]\n\n\n\n<p><\/p>\n","protected":false},"excerpt":{"rendered":"<p>Qu\u00fd Kh\u00e1ch Vui L\u00f2ng \u0110i\u1ec1n Th\u00f4ng Tin Li\u00ean H\u1ec7 Ph\u00eda D\u01b0\u1edbi<\/p>\n","protected":false},"author":1,"featured_media":0,"parent":0,"menu_order":0,"comment_status":"closed","ping_status":"closed","template":"","meta":{"footnotes":""},"class_list":["post-1649","page","type-page","status-publish","hentry"],"_links":{"self":[{"href":"http:\/\/anblue77.id.vn\/index.php\/wp-json\/wp\/v2\/pages\/1649","targetHints":{"allow":["GET"]}}],"collection":[{"href":"http:\/\/anblue77.id.vn\/index.php\/wp-json\/wp\/v2\/pages"}],"about":[{"href":"http:\/\/anblue77.id.vn\/index.php\/wp-json\/wp\/v2\/types\/page"}],"author":[{"embeddable":true,"href":"http:\/\/anblue77.id.vn\/index.php\/wp-json\/wp\/v2\/users\/1"}],"replies":[{"embeddable":true,"href":"http:\/\/anblue77.id.vn\/index.php\/wp-json\/wp\/v2\/comments?post=1649"}],"version-history":[{"count":1,"href":"http:\/\/anblue77.id.vn\/index.php\/wp-json\/wp\/v2\/pages\/1649\/revisions"}],"predecessor-version":[{"id":1650,"href":"http:\/\/anblue77.id.vn\/index.php\/wp-json\/wp\/v2\/pages\/1649\/revisions\/1650"}],"wp:attachment":[{"href":"http:\/\/anblue77.id.vn\/index.php\/wp-json\/wp\/v2\/media?parent=1649"}],"curies":[{"name":"wp","href":"https:\/\/api.w.org\/{rel}","templated":true}]}}