{"id":719,"date":"2024-12-04T19:35:18","date_gmt":"2024-12-04T19:35:18","guid":{"rendered":"https:\/\/anblue77.id.vn\/?page_id=719"},"modified":"2024-12-10T06:49:23","modified_gmt":"2024-12-10T06:49:23","slug":"khuyen-mai-2-2","status":"publish","type":"page","link":"http:\/\/anblue77.id.vn\/index.php\/khuyen-mai-2-2\/","title":{"rendered":"Gi\u1edbi Thi\u1ec7u"},"content":{"rendered":"<p>Tr\u00ean m\u1ea3nh \u0111\u1ea5t mi\u1ec1n Trung \u0111\u1ea7y n\u1eafng gi\u00f3, B\u00ecnh \u0110\u1ecbnh n\u1ed5i ti\u1ebfng v\u1edbi nh\u1eefng \u0111\u1eb7c s\u1ea3n l\u00e0m say l\u00f2ng ng\u01b0\u1eddi. T\u1eeb h\u01b0\u01a1ng v\u1ecb \u0111\u1eadm \u0111\u00e0 c\u1ee7a r\u01b0\u1ee3u B\u00e0u \u0110\u00e1 , v\u1ecb ng\u1ecdt b\u00f9i c\u1ee7a b\u00e1nh \u00edt l\u00e1 gai \u0111\u1ebfn t\u1eebng th\u1edb h\u1ea3i s\u1ea3n kh\u00f4 th\u01a1m n\u1ed3ng, nh\u1eefng m\u00f3n m\u1eafm th\u01a1m n\u1ed3ng v\u1ecb m\u1eafm, m\u1ed7i m\u00f3n \u0103n n\u01a1i \u0111\u00e2y l\u00e0 m\u1ed9t ph\u1ea7n h\u1ed3n qu\u00ea m\u00e0 bao ng\u01b0\u1eddi con xa x\u1ee9 lu\u00f4n kh\u1eafc kho\u1ea3i nh\u1edb v\u1ec1.<\/p>\n<p>\t\t\t\t\t\t\t\t\t\t\t\t\t<img loading=\"lazy\" decoding=\"async\" width=\"386\" height=\"445\" src=\"http:\/\/anblue77.id.vn\/wp-content\/uploads\/2024\/12\/z6114581652813_f08627ba6f0c2d13a392abd7daba2456.jpg\" alt=\"\" srcset=\"https:\/\/anblue77.id.vn\/wp-content\/uploads\/2024\/12\/z6114581652813_f08627ba6f0c2d13a392abd7daba2456.jpg 386w, https:\/\/anblue77.id.vn\/wp-content\/uploads\/2024\/12\/z6114581652813_f08627ba6f0c2d13a392abd7daba2456-260x300.jpg 260w\" sizes=\"auto, (max-width: 386px) 100vw, 386px\" \/>\t\t\t\t\t\t\t\t\t\t\t\t\t<\/p>\n<h2>B\u00ecnh \u0110\u1ecbnh Essence<\/h2>\n<p>L\u1ea5y c\u1ea3m h\u1ee9ng t\u1eeb t\u00ecnh y\u00eau qu\u00ea h\u01b0\u01a1ng v\u00e0 ni\u1ec1m \u0111am m\u00ea b\u1ea3o t\u1ed3n n\u00e9t \u0111\u1eb9p \u1ea9m th\u1ef1c truy\u1ec1n th\u1ed1ng, doanh nghi\u1ec7p <i>\u201c<\/i><b>B\u00ecnh \u0110\u1ecbnh Essence<\/b><i>\u201d<\/i> ra \u0111\u1eddi. V\u1edbi s\u1ee9 m\u1ec7nh mang nh\u1eefng m\u00f3n ngon n\u1ed5i danh c\u1ee7a B\u00ecnh \u0110\u1ecbnh \u0111\u1ebfn v\u1edbi m\u1ecdi mi\u1ec1n t\u1ed5 qu\u1ed1c, ch\u00fang t\u00f4i kh\u00f4ng ch\u1ec9 b\u00e1n s\u1ea3n ph\u1ea9m m\u00e0 c\u00f2n truy\u1ec1n t\u1ea3i c\u00e2u chuy\u1ec7n v\u1ec1 v\u0103n h\u00f3a v\u00e0 con ng\u01b0\u1eddi n\u01a1i \u0111\u00e2y.<\/p>\n<p>Anh An \u2013 ng\u01b0\u1eddi s\u00e1ng l\u1eadp <i>\u201c<\/i><b>B\u00ecnh \u0110\u1ecbnh Essence<\/b><i>\u201d<\/i> \u2013 l\u00e0 m\u1ed9t ng\u01b0\u1eddi con B\u00ecnh \u0110\u1ecbnh ch\u00ednh g\u1ed1c. L\u1edbn l\u00ean gi\u1eefa l\u00e0ng qu\u00ea y\u00ean b\u00ecnh, anh lu\u00f4n g\u1eafn b\u00f3 v\u1edbi nh\u1eefng m\u00f3n \u0103n d\u00e2n d\u00e3 m\u1eb9 n\u1ea5u. Nh\u01b0ng khi xa qu\u00ea l\u1eadp nghi\u1ec7p, anh nh\u1eadn ra r\u1eb1ng nh\u1eefng \u0111\u1eb7c s\u1ea3n \u1ea5y kh\u00f4ng ch\u1ec9 l\u00e0 th\u1ee9c \u0103n, m\u00e0 c\u00f2n l\u00e0 c\u1ea7u n\u1ed1i \u0111\u1ec3 m\u1ed7i ng\u01b0\u1eddi con xa x\u1ee9 t\u00ecm v\u1ec1 c\u1ed9i ngu\u1ed3n.<\/p>\n<p>N\u0103m 2024, Anh An quy\u1ebft \u0111\u1ecbnh b\u1eaft \u0111\u1ea7u h\u00e0nh tr\u00ecnh c\u1ee7a m\u00ecnh. Ban \u0111\u1ea7u, anh ch\u1ec9 b\u00e1n th\u1eed b\u00e1nh \u00edt l\u00e1 gai, nem chua v\u00e0 m\u1eafm c\u00e1 qua m\u1ea1ng x\u00e3 h\u1ed9i. Nh\u1edd s\u1ef1 \u1ee7ng h\u1ed9 c\u1ee7a b\u1ea1n b\u00e8 v\u00e0 kh\u00e1ch h\u00e0ng g\u1ea7n xa, anh d\u1ea7n m\u1edf r\u1ed9ng s\u1ea3n ph\u1ea9m mang \u0111\u1eadm t\u00ednh \u0111\u1eb7c s\u1ea3n qu\u00ea m\u00ecnh.<\/p>\n<p>\u0110i\u1ec1u l\u00e0m n\u00ean s\u1ef1 kh\u00e1c bi\u1ec7t c\u1ee7a <i>\u201c<\/i><b>B\u00ecnh \u0110\u1ecbnh Essence<\/b><i>\u201d<\/i> kh\u00f4ng ch\u1ec9 n\u1eb1m \u1edf s\u1ea3n ph\u1ea9m, m\u00e0 c\u00f2n \u1edf s\u1ef1 t\u1eadn t\u00e2m.<\/p>\n<p>Nguy\u00ean li\u1ec7u t\u01b0\u01a1i ngon: T\u1ea5t c\u1ea3 s\u1ea3n ph\u1ea9m \u0111\u1ec1u \u0111\u01b0\u1ee3c l\u00e0m t\u1eeb ngu\u1ed3n nguy\u00ean li\u1ec7u \u0111\u1ecba ph\u01b0\u01a1ng, qua quy tr\u00ecnh ch\u1ebf bi\u1ebfn th\u1ee7 c\u00f4ng \u0111\u1ec3 gi\u1eef nguy\u00ean h\u01b0\u01a1ng v\u1ecb truy\u1ec1n th\u1ed1ng.<\/p>\n<p>\u0110\u00f3ng g\u00f3i c\u1ea9n th\u1eadn: M\u1ed7i m\u00f3n \u0103n \u0111\u1ec1u \u0111\u01b0\u1ee3c \u0111\u00f3ng g\u00f3i ch\u1ec9n chu, ph\u00f9 h\u1ee3p \u0111\u1ec3 l\u00e0m qu\u00e0 t\u1eb7ng.<\/p>\n<p>Lan t\u1ecfa gi\u00e1 tr\u1ecb v\u0103n h\u00f3a: Kh\u00f4ng ch\u1ec9 b\u00e1n s\u1ea3n ph\u1ea9m, ch\u00fang t\u00f4i c\u00f2n chia s\u1ebb nh\u1eefng c\u00e2u chuy\u1ec7n v\u1ec1 ngu\u1ed3n g\u1ed1c, c\u00e1ch l\u00e0m v\u00e0 \u00fd ngh\u0129a c\u1ee7a t\u1eebng m\u00f3n \u0111\u1eb7c s\u1ea3n.\u00a0<\/p>\n<p>N\u1ebfu b\u1ea1n y\u00eau th\u00edch \u0111\u1eb7c s\u1ea3n B\u00ecnh \u0110\u1ecbnh, h\u00e3y \u0111\u1ec3 <i>\u201c<\/i><b>B\u00ecnh \u0110\u1ecbnh Essence<\/b><i>\u201d<\/i> d\u1eabn b\u1ea1n v\u00e0o h\u00e0nh tr\u00ecnh kh\u00e1m ph\u00e1 nh\u1eefng tinh hoa \u1ea9m th\u1ef1c B\u00ecnh \u0110\u1ecbnh. \u0110\u00f3 kh\u00f4ng ch\u1ec9 l\u00e0 nh\u1eefng m\u00f3n \u0103n, m\u00e0 c\u00f2n l\u00e0 nh\u1eefng c\u00e2u chuy\u1ec7n mang \u0111\u1eadm d\u1ea5u \u1ea5n qu\u00ea h\u01b0\u01a1ng, n\u01a1i c\u00f3 bi\u1ec3n xanh, c\u00e1t tr\u1eafng v\u00e0 con ng\u01b0\u1eddi ch\u00e2n ch\u1ea5t, hi\u1ec1n h\u00f2a.\u00a0\u00a0\u00a0\u00a0\u00a0\u00a0\u00a0\u00a0\u00a0\u00a0\u00a0\u00a0\u00a0\u00a0\u00a0\u00a0\u00a0\u00a0\u00a0\u00a0\u00a0\u00a0\u00a0\u00a0\u00a0\u00a0\u00a0\u00a0\u00a0\u00a0\u00a0\u00a0\u00a0\u00a0\u00a0<\/p>\n","protected":false},"excerpt":{"rendered":"<p>Tr\u00ean m\u1ea3nh \u0111\u1ea5t mi\u1ec1n Trung \u0111\u1ea7y n\u1eafng gi\u00f3, B\u00ecnh \u0110\u1ecbnh n\u1ed5i ti\u1ebfng v\u1edbi nh\u1eefng \u0111\u1eb7c s\u1ea3n l\u00e0m say l\u00f2ng ng\u01b0\u1eddi. T\u1eeb h\u01b0\u01a1ng v\u1ecb \u0111\u1eadm \u0111\u00e0 c\u1ee7a r\u01b0\u1ee3u B\u00e0u \u0110\u00e1 , v\u1ecb ng\u1ecdt b\u00f9i c\u1ee7a b\u00e1nh \u00edt l\u00e1 gai \u0111\u1ebfn t\u1eebng th\u1edb h\u1ea3i s\u1ea3n kh\u00f4 th\u01a1m n\u1ed3ng, nh\u1eefng m\u00f3n m\u1eafm th\u01a1m n\u1ed3ng v\u1ecb m\u1eafm, m\u1ed7i m\u00f3n [&#8230;]\n","protected":false},"author":1,"featured_media":0,"parent":0,"menu_order":0,"comment_status":"closed","ping_status":"closed","template":"","meta":{"footnotes":""},"class_list":["post-719","page","type-page","status-publish","hentry"],"_links":{"self":[{"href":"http:\/\/anblue77.id.vn\/index.php\/wp-json\/wp\/v2\/pages\/719","targetHints":{"allow":["GET"]}}],"collection":[{"href":"http:\/\/anblue77.id.vn\/index.php\/wp-json\/wp\/v2\/pages"}],"about":[{"href":"http:\/\/anblue77.id.vn\/index.php\/wp-json\/wp\/v2\/types\/page"}],"author":[{"embeddable":true,"href":"http:\/\/anblue77.id.vn\/index.php\/wp-json\/wp\/v2\/users\/1"}],"replies":[{"embeddable":true,"href":"http:\/\/anblue77.id.vn\/index.php\/wp-json\/wp\/v2\/comments?post=719"}],"version-history":[{"count":39,"href":"http:\/\/anblue77.id.vn\/index.php\/wp-json\/wp\/v2\/pages\/719\/revisions"}],"predecessor-version":[{"id":1707,"href":"http:\/\/anblue77.id.vn\/index.php\/wp-json\/wp\/v2\/pages\/719\/revisions\/1707"}],"wp:attachment":[{"href":"http:\/\/anblue77.id.vn\/index.php\/wp-json\/wp\/v2\/media?parent=719"}],"curies":[{"name":"wp","href":"https:\/\/api.w.org\/{rel}","templated":true}]}}