{"id":729,"date":"2024-12-04T19:36:51","date_gmt":"2024-12-04T19:36:51","guid":{"rendered":"https:\/\/anblue77.id.vn\/?page_id=729"},"modified":"2024-12-09T19:46:36","modified_gmt":"2024-12-09T19:46:36","slug":"khuyen-mai-2-2-2","status":"publish","type":"page","link":"http:\/\/anblue77.id.vn\/index.php\/khuyen-mai-2-2-2\/","title":{"rendered":"Tin T\u1ee9c"},"content":{"rendered":"<p>\u00a0<\/p>\n<p style=\"text-align: center;\"><strong>TIN N\u1ed4I B\u1eacT<\/strong><\/p>\n<p><\/p>\t\t\n\t\t\t<ul><li>Tin T\u1ee9c G\u1ea7n \u0110\u00e2y<em><\/em><\/li><\/ul><section data-settings=\"{&quot;layout&quot;:&quot;fitRows&quot;,&quot;stick_last_element_to_bottom&quot;:&quot;&quot;,&quot;columns_desktop&quot;:&quot;2&quot;,&quot;gutter_hr&quot;:15,&quot;gutter_hr_mobile&quot;:15,&quot;gutter_hr_mobile_extra&quot;:15,&quot;gutter_hr_tablet&quot;:15,&quot;gutter_hr_tablet_extra&quot;:15,&quot;gutter_hr_laptop&quot;:15,&quot;gutter_hr_widescreen&quot;:15,&quot;gutter_vr&quot;:15,&quot;gutter_vr_mobile&quot;:&quot;&quot;,&quot;gutter_vr_mobile_extra&quot;:&quot;&quot;,&quot;gutter_vr_tablet&quot;:&quot;&quot;,&quot;gutter_vr_tablet_extra&quot;:15,&quot;gutter_vr_laptop&quot;:15,&quot;gutter_vr_widescreen&quot;:15,&quot;animation&quot;:&quot;default&quot;,&quot;animation_duration&quot;:0.3,&quot;animation_delay&quot;:0.1,&quot;deeplinking&quot;:&quot;&quot;,&quot;filters_linkable&quot;:&quot;&quot;,&quot;filters_default_filter&quot;:&quot;&quot;,&quot;filters_count&quot;:&quot;&quot;,&quot;filters_hide_empty&quot;:&quot;yes&quot;,&quot;filters_animation&quot;:&quot;default&quot;,&quot;filters_animation_duration&quot;:0.3,&quot;filters_animation_delay&quot;:0.1,&quot;pagination_type&quot;:&quot;default&quot;,&quot;pagination_max_pages&quot;:2,&quot;lightbox&quot;:{&quot;selector&quot;:&quot;.wpr-grid-image-wrap&quot;,&quot;iframeMaxWidth&quot;:&quot;60%&quot;,&quot;hash&quot;:false,&quot;autoplay&quot;:&quot;true&quot;,&quot;pause&quot;:5000,&quot;progressBar&quot;:&quot;true&quot;,&quot;counter&quot;:&quot;true&quot;,&quot;controls&quot;:&quot;true&quot;,&quot;getCaptionFromTitleOrAlt&quot;:&quot;true&quot;,&quot;thumbnail&quot;:&quot;&quot;,&quot;showThumbByDefault&quot;:&quot;&quot;,&quot;share&quot;:&quot;&quot;,&quot;zoom&quot;:&quot;true&quot;,&quot;fullScreen&quot;:&quot;true&quot;,&quot;download&quot;:&quot;true&quot;}}\"><article><img decoding=\"async\" data-no-lazy=\"1\" src=\"http:\/\/anblue77.id.vn\/wp-content\/uploads\/2024\/12\/2024-12-03-00_44_30-1-1.png\" alt=\"R\u01b0\u1ee3u B\u00e0u \u0110\u00e1 &#8211; Tinh Hoa Ngh\u1ec7 Thu\u1eadt N\u1ea5u R\u01b0\u1ee3u Vi\u1ec7t\"><h2><a target=\"_self\"  href=\"https:\/\/anblue77.id.vn\/index.php\/2024\/12\/08\/dac-san-ruou-bau-da-binh-dinh\/\">R\u01b0\u1ee3u B\u00e0u \u0110\u00e1 &#8211; Tinh Hoa Ngh\u1ec7 Thu\u1eadt N\u1ea5u R\u01b0\u1ee3u Vi\u1ec7t<\/a><\/h2>December 8, 2024\/<a href=\"https:\/\/anblue77.id.vn\/index.php\/2024\/12\/08\/dac-san-ruou-bau-da-binh-dinh\/#respond\">No Comments<\/a><p>R\u01b0\u1ee3u B\u00e0u \u0110\u00e1 l\u00e0\u00a0m\u1ed9t lo\u1ea1i r\u01b0\u1ee3u \u0111\u1eb7c\u00a0s\u1ea3n n\u1ed5i ti\u1ebfng c\u1ee7a t\u1ec9nh B\u00ecnh\u00a0\u0110\u1ecbnh, Vi\u1ec7t Nam, \u0111\u01b0\u1ee3c bi\u1ebft \u0111\u1ebfn\u00a0kh\u00f4ng ch\u1ec9 b\u1edfi\u00a0h\u01b0\u01a1ng v\u1ecb&hellip;<\/p><a target=\"_self\" href=\"https:\/\/anblue77.id.vn\/index.php\/2024\/12\/08\/dac-san-ruou-bau-da-binh-dinh\/\">T\u00ecm hi\u1ec3u th\u00eam<\/a><\/article><article><img decoding=\"async\" data-no-lazy=\"1\" src=\"http:\/\/anblue77.id.vn\/wp-content\/uploads\/2024\/12\/image-2-e1733771373422.png\" alt=\"B\u00e1nh Thu\u1eabn &#8211; Bi\u1ec3u T\u01b0\u1ee3ng Cho S\u1ef1 Sum V\u1ea7y\"><h2><a target=\"_self\"  href=\"https:\/\/anblue77.id.vn\/index.php\/2024\/12\/07\/dac-san-banh-thuan-binh-dinh\/\">B\u00e1nh Thu\u1eabn &#8211; Bi\u1ec3u T\u01b0\u1ee3ng Cho S\u1ef1 Sum V\u1ea7y<\/a><\/h2>December 7, 2024\/<a href=\"https:\/\/anblue77.id.vn\/index.php\/2024\/12\/07\/dac-san-banh-thuan-binh-dinh\/#respond\">No Comments<\/a><p>B\u00e1nh thu\u1eabn l\u00e0 m\u00f3n b\u00e1nh truy\u1ec1n th\u1ed1ng c\u1ee7a Vi\u1ec7t Nam, \u0111\u1eb7c bi\u1ec7t ph\u1ed5 bi\u1ebfn \u1edf mi\u1ec1n Trung v\u00e0 mi\u1ec1n Nam&hellip;<\/p><a target=\"_self\" href=\"https:\/\/anblue77.id.vn\/index.php\/2024\/12\/07\/dac-san-banh-thuan-binh-dinh\/\">T\u00ecm hi\u1ec3u th\u00eam<\/a><\/article><\/section><a href=\"https:\/\/anblue77.id.vn\/wp-admin\/admin-ajax.php?paged=2\">Trang tr\u01b0\u1edbc<\/a>Trang sau","protected":false},"excerpt":{"rendered":"<p>\u00a0 TIN N\u1ed4I B\u1eacT Tin T\u1ee9c G\u1ea7n \u0110\u00e2y R\u01b0\u1ee3u B\u00e0u \u0110\u00e1 &#8211; Tinh Hoa Ngh\u1ec7 Thu\u1eadt N\u1ea5u R\u01b0\u1ee3u Vi\u1ec7t December 8, 2024\/No Comments R\u01b0\u1ee3u B\u00e0u \u0110\u00e1 l\u00e0\u00a0m\u1ed9t lo\u1ea1i r\u01b0\u1ee3u \u0111\u1eb7c\u00a0s\u1ea3n n\u1ed5i ti\u1ebfng c\u1ee7a t\u1ec9nh B\u00ecnh\u00a0\u0110\u1ecbnh, Vi\u1ec7t Nam, \u0111\u01b0\u1ee3c bi\u1ebft \u0111\u1ebfn\u00a0kh\u00f4ng ch\u1ec9 b\u1edfi\u00a0h\u01b0\u01a1ng v\u1ecb&hellip; T\u00ecm hi\u1ec3u th\u00eam B\u00e1nh Thu\u1eabn &#8211; Bi\u1ec3u T\u01b0\u1ee3ng Cho S\u1ef1 Sum V\u1ea7y [&#8230;]\n","protected":false},"author":1,"featured_media":0,"parent":0,"menu_order":0,"comment_status":"closed","ping_status":"closed","template":"","meta":{"footnotes":""},"class_list":["post-729","page","type-page","status-publish","hentry"],"_links":{"self":[{"href":"http:\/\/anblue77.id.vn\/index.php\/wp-json\/wp\/v2\/pages\/729","targetHints":{"allow":["GET"]}}],"collection":[{"href":"http:\/\/anblue77.id.vn\/index.php\/wp-json\/wp\/v2\/pages"}],"about":[{"href":"http:\/\/anblue77.id.vn\/index.php\/wp-json\/wp\/v2\/types\/page"}],"author":[{"embeddable":true,"href":"http:\/\/anblue77.id.vn\/index.php\/wp-json\/wp\/v2\/users\/1"}],"replies":[{"embeddable":true,"href":"http:\/\/anblue77.id.vn\/index.php\/wp-json\/wp\/v2\/comments?post=729"}],"version-history":[{"count":132,"href":"http:\/\/anblue77.id.vn\/index.php\/wp-json\/wp\/v2\/pages\/729\/revisions"}],"predecessor-version":[{"id":1712,"href":"http:\/\/anblue77.id.vn\/index.php\/wp-json\/wp\/v2\/pages\/729\/revisions\/1712"}],"wp:attachment":[{"href":"http:\/\/anblue77.id.vn\/index.php\/wp-json\/wp\/v2\/media?parent=729"}],"curies":[{"name":"wp","href":"https:\/\/api.w.org\/{rel}","templated":true}]}}